{"id":628,"date":"2025-04-09T18:39:44","date_gmt":"2025-04-09T18:39:44","guid":{"rendered":"https:\/\/nykterstudent.se\/?page_id=628"},"modified":"2025-11-18T19:47:16","modified_gmt":"2025-11-18T19:47:16","slug":"schema-varen-2025","status":"publish","type":"page","link":"https:\/\/nykterstudent.se\/","title":{"rendered":"V\u00e4lkommen!"},"content":{"rendered":"\n<div class=\"wp-block-group is-layout-constrained wp-container-core-group-is-layout-baed9f38 wp-block-group-is-layout-constrained\" style=\"border-style:none;border-width:0px;margin-top:var(--wp--preset--spacing--60);margin-bottom:var(--wp--preset--spacing--60)\">\n<h2 class=\"wp-block-heading has-text-align-center\" style=\"padding-top:0;padding-bottom:0\">H\u00e4ng med oss &#8211; Nyktert &amp; Kul!<\/h2>\n\n\n\n<p class=\"has-text-align-center\">Vi anordnar sk\u00f6na, alkoholfria aktiviteter f\u00f6r studenter i Ume\u00e5 n\u00e4stan varje fredag. Kom och tr\u00e4ffa nya v\u00e4nner i en avslappnad milj\u00f6!<\/p>\n\n\n\n<div class=\"wp-block-buttons is-content-justification-center is-layout-flex wp-container-core-buttons-is-layout-a89b3969 wp-block-buttons-is-layout-flex\">\n<div class=\"wp-block-button\"><a class=\"wp-block-button__link has-text-align-center wp-element-button\" href=\"#aktiviteter\">Se kommande aktiviteter<\/a><\/div>\n<\/div>\n<\/div>\n\n\n\n<h3 class=\"wp-block-heading has-text-align-center\">Om v\u00e5ra aktiviteter<\/h3>\n\n\n\n<div class=\"wp-block-group is-layout-constrained wp-block-group-is-layout-constrained\">\n<p class=\"has-text-align-center\"><strong>Kostar det n\u00e5got att delta? <\/strong>Det \u00e4r fritt att delta i alla v\u00e5ra aktiviteter s\u00e5 l\u00e4nge du inte dricker, anm\u00e4l dig bara om inget annat specificerats.<\/p>\n\n\n\n<p class=\"has-text-align-center\"><strong>Var \u00e4r aktiviteterna?<\/strong> \u00c4r inget annat specificerat \u00e4r vi p\u00e5 <strong>Skolgatan 48<\/strong>.<\/p>\n\n\n\n<p class=\"has-text-align-center\"><strong>N\u00e4r b\u00f6rjar aktiviteten?<\/strong> \u00c4r inget annat specificerat <strong>18:00<\/strong>.<\/p>\n<\/div>\n\n\n\n<h3 class=\"wp-block-heading has-text-align-center\" id=\"aktiviteter\"><strong><em>Kommande aktiviteter:<\/em><\/strong><\/h3>\n\n\n\n<p class=\"has-text-align-center\"><\/p>\n\n\n\n<p class=\"has-text-align-center\"><\/p>\n\n\n\n<div class=\"wp-block-media-text has-media-on-the-right is-stacked-on-mobile is-image-fill-element\"><div class=\"wp-block-media-text__content\">\n<h2 class=\"wp-block-heading\">20\/11: Quizt\u00e4vlingen Pumpen<\/h2>\n\n\n\n<p>Vi deltar i quizt\u00e4vlingen pumpen! Vi ses 19:30 och t\u00e4vlignen drar ig\u00e5ng 20:00. <strong>Ingen mat men vi bjuder p\u00e5 fika!<\/strong><\/p>\n\n\n\n<p><strong>Plats: Skolgatan 48<\/strong><\/p>\n\n\n\n<div class=\"wp-block-buttons is-layout-flex wp-block-buttons-is-layout-flex\">\n<div class=\"wp-block-button\"><a class=\"wp-block-button__link wp-element-button\">Drop in, ingen anm\u00e4lan!<\/a><\/div>\n<\/div>\n<\/div><figure class=\"wp-block-media-text__media\"><img loading=\"lazy\" decoding=\"async\" width=\"1024\" height=\"768\" src=\"https:\/\/nykterstudent.se\/wp-content\/uploads\/2022\/10\/IMG_4472-1024x768.jpg\" alt=\"\" class=\"wp-image-550 size-full\" style=\"object-position:50% 50%\" srcset=\"https:\/\/nykterstudent.se\/wp-content\/uploads\/2022\/10\/IMG_4472-1024x768.jpg 1024w, https:\/\/nykterstudent.se\/wp-content\/uploads\/2022\/10\/IMG_4472-300x225.jpg 300w, https:\/\/nykterstudent.se\/wp-content\/uploads\/2022\/10\/IMG_4472-768x576.jpg 768w, https:\/\/nykterstudent.se\/wp-content\/uploads\/2022\/10\/IMG_4472-1536x1152.jpg 1536w, https:\/\/nykterstudent.se\/wp-content\/uploads\/2022\/10\/IMG_4472-2048x1536.jpg 2048w\" sizes=\"auto, (max-width: 1024px) 100vw, 1024px\" \/><\/figure><\/div>\n\n\n\n<div class=\"wp-block-media-text has-media-on-the-right is-stacked-on-mobile is-image-fill-element\"><div class=\"wp-block-media-text__content\">\n<h2 class=\"wp-block-heading\">21\/11: Gammla webbl\u00e4sarspel<\/h2>\n\n\n\n<p>Vi spelar ett antal gamla webbl\u00e4sarspel fr\u00e5n sidor s\u00e5 som spela.se! Vi ses som vanligt 18:00 och \u00e4ter mat f\u00f6rst!<\/p>\n\n\n\n<p><strong>Plats: Skolgatan 48<\/strong><\/p>\n\n\n\n<div class=\"wp-block-buttons is-layout-flex wp-block-buttons-is-layout-flex\">\n<div class=\"wp-block-button\"><a class=\"wp-block-button__link wp-element-button\" href=\"http:\/\/getsupertext.com\/dela\/moytg\">Anm\u00e4lan sker via SMS-gruppen!<\/a><\/div>\n<\/div>\n<\/div><figure class=\"wp-block-media-text__media\"><img loading=\"lazy\" decoding=\"async\" width=\"1024\" height=\"768\" src=\"https:\/\/nykterstudent.se\/wp-content\/uploads\/2025\/09\/IMG_2369-1024x768.jpeg\" alt=\"\" class=\"wp-image-733 size-full\" style=\"object-position:50% 50%\" srcset=\"https:\/\/nykterstudent.se\/wp-content\/uploads\/2025\/09\/IMG_2369-1024x768.jpeg 1024w, https:\/\/nykterstudent.se\/wp-content\/uploads\/2025\/09\/IMG_2369-300x225.jpeg 300w, https:\/\/nykterstudent.se\/wp-content\/uploads\/2025\/09\/IMG_2369-768x576.jpeg 768w, https:\/\/nykterstudent.se\/wp-content\/uploads\/2025\/09\/IMG_2369-1536x1152.jpeg 1536w, https:\/\/nykterstudent.se\/wp-content\/uploads\/2025\/09\/IMG_2369-2048x1536.jpeg 2048w\" sizes=\"auto, (max-width: 1024px) 100vw, 1024px\" \/><\/figure><\/div>\n\n\n\n<div class=\"wp-block-media-text has-media-on-the-right is-stacked-on-mobile is-image-fill-element\"><div class=\"wp-block-media-text__content\">\n<h2 class=\"wp-block-heading\">28\/11: Bakning!<\/h2>\n\n\n\n<p>Vi bakar inf\u00f6r Sveagatans julmarknad! Vi ses som vanligt 18:00 och \u00e4ter mat f\u00f6rst!<\/p>\n\n\n\n<p><strong>Plats: Skolgatan 48<\/strong><\/p>\n\n\n\n<div class=\"wp-block-buttons is-layout-flex wp-block-buttons-is-layout-flex\">\n<div class=\"wp-block-button\"><a class=\"wp-block-button__link wp-element-button\" href=\"http:\/\/getsupertext.com\/dela\/moytg\">Anm\u00e4lan sker via SMS-gruppen!<\/a><\/div>\n<\/div>\n<\/div><figure class=\"wp-block-media-text__media\"><img loading=\"lazy\" decoding=\"async\" width=\"1024\" height=\"986\" src=\"https:\/\/nykterstudent.se\/wp-content\/uploads\/2022\/09\/Grillning-1024x986.png\" alt=\"\" class=\"wp-image-409 size-full\" style=\"object-position:50% 50%\" srcset=\"https:\/\/nykterstudent.se\/wp-content\/uploads\/2022\/09\/Grillning-1024x986.png 1024w, https:\/\/nykterstudent.se\/wp-content\/uploads\/2022\/09\/Grillning-300x289.png 300w, https:\/\/nykterstudent.se\/wp-content\/uploads\/2022\/09\/Grillning-768x740.png 768w, https:\/\/nykterstudent.se\/wp-content\/uploads\/2022\/09\/Grillning-1536x1479.png 1536w, https:\/\/nykterstudent.se\/wp-content\/uploads\/2022\/09\/Grillning.png 1920w\" sizes=\"auto, (max-width: 1024px) 100vw, 1024px\" \/><\/figure><\/div>\n\n\n\n<h3 class=\"wp-block-heading has-text-align-center\"><strong><em>Tidigare aktiviteter:<\/em><\/strong><\/h3>\n\n\n\n<div class=\"wp-block-media-text has-media-on-the-right is-stacked-on-mobile is-image-fill-element\"><div class=\"wp-block-media-text__content\">\n<h2 class=\"wp-block-heading\">Nykter inspark!<\/h2>\n\n\n\n<p>Vi deltar i quizt\u00e4vlingen pumpen! Vi ses 19:30 och t\u00e4vlignen drar ig\u00e5ng 20:00. <strong>Ingen mat men vi bjuder p\u00e5 fika!<\/strong><\/p>\n\n\n\n<p><strong>Plats: Skolgatan 48<\/strong><\/p>\n\n\n\n<div class=\"wp-block-buttons is-layout-flex wp-block-buttons-is-layout-flex\">\n<div class=\"wp-block-button\"><a class=\"wp-block-button__link wp-element-button\">Drop in, ingen anm\u00e4lan!<\/a><\/div>\n<\/div>\n<\/div><figure class=\"wp-block-media-text__media\"><img loading=\"lazy\" decoding=\"async\" width=\"1024\" height=\"801\" src=\"https:\/\/nykterstudent.se\/wp-content\/uploads\/2022\/09\/Bradspel-1-1-1024x801.png\" alt=\"\" class=\"wp-image-412 size-full\" style=\"object-position:50% 50%\" srcset=\"https:\/\/nykterstudent.se\/wp-content\/uploads\/2022\/09\/Bradspel-1-1-1024x801.png 1024w, https:\/\/nykterstudent.se\/wp-content\/uploads\/2022\/09\/Bradspel-1-1-300x235.png 300w, https:\/\/nykterstudent.se\/wp-content\/uploads\/2022\/09\/Bradspel-1-1-768x601.png 768w, https:\/\/nykterstudent.se\/wp-content\/uploads\/2022\/09\/Bradspel-1-1-1536x1202.png 1536w, https:\/\/nykterstudent.se\/wp-content\/uploads\/2022\/09\/Bradspel-1-1.png 1920w\" sizes=\"auto, (max-width: 1024px) 100vw, 1024px\" \/><\/figure><\/div>\n\n\n\n<p><\/p>\n","protected":false},"excerpt":{"rendered":"<p>H\u00e4ng med oss &#8211; Nyktert &amp; Kul! Vi anordnar sk\u00f6na, alkoholfria aktiviteter f\u00f6r studenter i Ume\u00e5 n\u00e4stan varje fredag. Kom och tr\u00e4ffa nya v\u00e4nner i en avslappnad milj\u00f6! Om v\u00e5ra aktiviteter Kostar det n\u00e5got att delta? Det \u00e4r fritt att delta i alla v\u00e5ra aktiviteter s\u00e5 l\u00e4nge du inte dricker, anm\u00e4l dig bara om inget [&hellip;]<\/p>\n","protected":false},"author":2,"featured_media":0,"parent":0,"menu_order":0,"comment_status":"closed","ping_status":"closed","template":"","meta":{"site-sidebar-layout":"no-sidebar","site-content-layout":"default","ast-site-content-layout":"normal-width-container","site-content-style":"boxed","site-sidebar-style":"boxed","ast-global-header-display":"","ast-banner-title-visibility":"","ast-main-header-display":"","ast-hfb-above-header-display":"","ast-hfb-below-header-display":"","ast-hfb-mobile-header-display":"","site-post-title":"disabled","ast-breadcrumbs-content":"","ast-featured-img":"","footer-sml-layout":"","theme-transparent-header-meta":"default","adv-header-id-meta":"","stick-header-meta":"","header-above-stick-meta":"","header-main-stick-meta":"","header-below-stick-meta":"","astra-migrate-meta-layouts":"set","ast-page-background-enabled":"default","ast-page-background-meta":{"desktop":{"background-color":"var(--ast-global-color-4)","background-image":"","background-repeat":"repeat","background-position":"center center","background-size":"auto","background-attachment":"scroll","background-type":"","background-media":"","overlay-type":"","overlay-color":"","overlay-opacity":"","overlay-gradient":""},"tablet":{"background-color":"","background-image":"","background-repeat":"repeat","background-position":"center center","background-size":"auto","background-attachment":"scroll","background-type":"","background-media":"","overlay-type":"","overlay-color":"","overlay-opacity":"","overlay-gradient":""},"mobile":{"background-color":"","background-image":"","background-repeat":"repeat","background-position":"center center","background-size":"auto","background-attachment":"scroll","background-type":"","background-media":"","overlay-type":"","overlay-color":"","overlay-opacity":"","overlay-gradient":""}},"ast-content-background-meta":{"desktop":{"background-color":"var(--ast-global-color-5)","background-image":"","background-repeat":"repeat","background-position":"center center","background-size":"auto","background-attachment":"scroll","background-type":"","background-media":"","overlay-type":"","overlay-color":"","overlay-opacity":"","overlay-gradient":""},"tablet":{"background-color":"var(--ast-global-color-5)","background-image":"","background-repeat":"repeat","background-position":"center center","background-size":"auto","background-attachment":"scroll","background-type":"","background-media":"","overlay-type":"","overlay-color":"","overlay-opacity":"","overlay-gradient":""},"mobile":{"background-color":"var(--ast-global-color-5)","background-image":"","background-repeat":"repeat","background-position":"center center","background-size":"auto","background-attachment":"scroll","background-type":"","background-media":"","overlay-type":"","overlay-color":"","overlay-opacity":"","overlay-gradient":""}},"footnotes":""},"class_list":["post-628","page","type-page","status-publish","hentry"],"_links":{"self":[{"href":"https:\/\/nykterstudent.se\/index.php?rest_route=\/wp\/v2\/pages\/628","targetHints":{"allow":["GET"]}}],"collection":[{"href":"https:\/\/nykterstudent.se\/index.php?rest_route=\/wp\/v2\/pages"}],"about":[{"href":"https:\/\/nykterstudent.se\/index.php?rest_route=\/wp\/v2\/types\/page"}],"author":[{"embeddable":true,"href":"https:\/\/nykterstudent.se\/index.php?rest_route=\/wp\/v2\/users\/2"}],"replies":[{"embeddable":true,"href":"https:\/\/nykterstudent.se\/index.php?rest_route=%2Fwp%2Fv2%2Fcomments&post=628"}],"version-history":[{"count":39,"href":"https:\/\/nykterstudent.se\/index.php?rest_route=\/wp\/v2\/pages\/628\/revisions"}],"predecessor-version":[{"id":840,"href":"https:\/\/nykterstudent.se\/index.php?rest_route=\/wp\/v2\/pages\/628\/revisions\/840"}],"wp:attachment":[{"href":"https:\/\/nykterstudent.se\/index.php?rest_route=%2Fwp%2Fv2%2Fmedia&parent=628"}],"curies":[{"name":"wp","href":"https:\/\/api.w.org\/{rel}","templated":true}]}}